{"id":3440,"date":"2019-09-04T22:12:52","date_gmt":"2019-09-04T20:12:52","guid":{"rendered":"http:\/\/www.mazoka.org\/ok\/"},"modified":"2019-09-05T11:15:58","modified_gmt":"2019-09-05T09:15:58","slug":"ok","status":"publish","type":"page","link":"https:\/\/www.mazoka.org\/eu\/ok\/","title":{"rendered":"Ok"},"content":{"rendered":"\n<style type=\"text\/css\" data-created_by=\"avia_inline_auto\" id=\"style-css-av-3zy1kt-2b88b8c24def9ce22e721713daa54f02\">\n.flex_column.av-3zy1kt-2b88b8c24def9ce22e721713daa54f02{\nborder-radius:0px 0px 0px 0px;\npadding:0px 0px 0px 0px;\n}\n<\/style>\n<div  class='flex_column av-3zy1kt-2b88b8c24def9ce22e721713daa54f02 av_one_fifth  avia-builder-el-0  el_before_av_three_fifth  avia-builder-el-first  first flex_column_div av-zero-column-padding  '     ><\/div>\n\n<style type=\"text\/css\" data-created_by=\"avia_inline_auto\" id=\"style-css-av-k05pg0kl-e20ff08ba1f5445c336c58ad0b850879\">\n.flex_column.av-k05pg0kl-e20ff08ba1f5445c336c58ad0b850879{\nborder-width:1px;\nborder-color:#000000;\nborder-style:solid;\npadding:20px 20px 20px 20px;\nbackground-color:#ffffff;\n}\n<\/style>\n<div  class='flex_column av-k05pg0kl-e20ff08ba1f5445c336c58ad0b850879 av_three_fifth  avia-builder-el-1  el_after_av_one_fifth  el_before_av_one_fifth  flex_column_div  '     ><style type=\"text\/css\" data-created_by=\"avia_inline_auto\" id=\"style-css-av-k05peqr6-4e0b1ae39adaad6f5955e13e92cf36ad\">\n#top .av_textblock_section.av-k05peqr6-4e0b1ae39adaad6f5955e13e92cf36ad .avia_textblock{\nfont-size:24px;\n}\n<\/style>\n<section  class='av_textblock_section av-k05peqr6-4e0b1ae39adaad6f5955e13e92cf36ad '   itemscope=\"itemscope\" itemtype=\"https:\/\/schema.org\/CreativeWork\" ><div class='avia_textblock'  itemprop=\"text\" ><p style=\"text-align: center;\"><strong>Gracias por rellenar el formulario de inscripci\u00f3n. <\/strong><\/p>\n<p style=\"text-align: center;\"><strong>En breve recibir\u00e1s un mensaje de confirmaci\u00f3n en tu correo electr\u00f3nico.<\/strong><\/p>\n<p style=\"text-align: center;\"><em> &#8211; Puede ser que debas comprobar tu carpeta de Spam &#8211;<\/em><\/p>\n<\/div><\/section><\/div>\n<style type=\"text\/css\" data-created_by=\"avia_inline_auto\" id=\"style-css-av-1y7xql-9a8af7214a95e94581af784805c303e6\">\n.flex_column.av-1y7xql-9a8af7214a95e94581af784805c303e6{\nborder-radius:0px 0px 0px 0px;\npadding:0px 0px 0px 0px;\n}\n<\/style>\n<div  class='flex_column av-1y7xql-9a8af7214a95e94581af784805c303e6 av_one_fifth  avia-builder-el-3  el_after_av_three_fifth  avia-builder-el-last  flex_column_div av-zero-column-padding  '     ><\/div><\/p>\n","protected":false},"excerpt":{"rendered":"","protected":false},"author":4,"featured_media":0,"parent":0,"menu_order":0,"comment_status":"closed","ping_status":"closed","template":"","meta":{"footnotes":""},"class_list":["post-3440","page","type-page","status-publish","hentry"],"yoast_head":"<!-- This site is optimized with the Yoast SEO plugin v26.2 - https:\/\/yoast.com\/wordpress\/plugins\/seo\/ -->\n<title>Ok - Mazoka<\/title>\n<meta name=\"robots\" content=\"index, follow, max-snippet:-1, max-image-preview:large, max-video-preview:-1\" \/>\n<link rel=\"canonical\" href=\"https:\/\/www.mazoka.org\/ok\/\" \/>\n<meta property=\"og:locale\" content=\"eu_ES\" \/>\n<meta property=\"og:type\" content=\"article\" \/>\n<meta property=\"og:title\" content=\"Ok - Mazoka\" \/>\n<meta property=\"og:url\" content=\"https:\/\/www.mazoka.org\/ok\/\" \/>\n<meta property=\"og:site_name\" content=\"Mazoka\" \/>\n<meta property=\"article:modified_time\" content=\"2019-09-05T09:15:58+00:00\" \/>\n<meta name=\"twitter:card\" content=\"summary_large_image\" \/>\n<meta name=\"twitter:label1\" content=\"Est. reading time\" \/>\n\t<meta name=\"twitter:data1\" content=\"2 minutes\" \/>\n<script type=\"application\/ld+json\" class=\"yoast-schema-graph\">{\"@context\":\"https:\/\/schema.org\",\"@graph\":[{\"@type\":\"WebPage\",\"@id\":\"https:\/\/www.mazoka.org\/ok\/\",\"url\":\"https:\/\/www.mazoka.org\/ok\/\",\"name\":\"Ok - Mazoka\",\"isPartOf\":{\"@id\":\"https:\/\/www.mazoka.org\/#website\"},\"datePublished\":\"2019-09-04T20:12:52+00:00\",\"dateModified\":\"2019-09-05T09:15:58+00:00\",\"breadcrumb\":{\"@id\":\"https:\/\/www.mazoka.org\/ok\/#breadcrumb\"},\"inLanguage\":\"eu-ES\",\"potentialAction\":[{\"@type\":\"ReadAction\",\"target\":[\"https:\/\/www.mazoka.org\/ok\/\"]}]},{\"@type\":\"BreadcrumbList\",\"@id\":\"https:\/\/www.mazoka.org\/ok\/#breadcrumb\",\"itemListElement\":[{\"@type\":\"ListItem\",\"position\":1,\"name\":\"Portada\",\"item\":\"https:\/\/www.mazoka.org\/\"},{\"@type\":\"ListItem\",\"position\":2,\"name\":\"Ok\"}]},{\"@type\":\"WebSite\",\"@id\":\"https:\/\/www.mazoka.org\/#website\",\"url\":\"https:\/\/www.mazoka.org\/\",\"name\":\"Mazoka\",\"description\":\"Marrazki azoka\",\"potentialAction\":[{\"@type\":\"SearchAction\",\"target\":{\"@type\":\"EntryPoint\",\"urlTemplate\":\"https:\/\/www.mazoka.org\/?s={search_term_string}\"},\"query-input\":{\"@type\":\"PropertyValueSpecification\",\"valueRequired\":true,\"valueName\":\"search_term_string\"}}],\"inLanguage\":\"eu-ES\"}]}<\/script>\n<!-- \/ Yoast SEO plugin. -->","yoast_head_json":{"title":"Ok - Mazoka","robots":{"index":"index","follow":"follow","max-snippet":"max-snippet:-1","max-image-preview":"max-image-preview:large","max-video-preview":"max-video-preview:-1"},"canonical":"https:\/\/www.mazoka.org\/ok\/","og_locale":"eu_ES","og_type":"article","og_title":"Ok - Mazoka","og_url":"https:\/\/www.mazoka.org\/ok\/","og_site_name":"Mazoka","article_modified_time":"2019-09-05T09:15:58+00:00","twitter_card":"summary_large_image","twitter_misc":{"Est. reading time":"2 minutes"},"schema":{"@context":"https:\/\/schema.org","@graph":[{"@type":"WebPage","@id":"https:\/\/www.mazoka.org\/ok\/","url":"https:\/\/www.mazoka.org\/ok\/","name":"Ok - Mazoka","isPartOf":{"@id":"https:\/\/www.mazoka.org\/#website"},"datePublished":"2019-09-04T20:12:52+00:00","dateModified":"2019-09-05T09:15:58+00:00","breadcrumb":{"@id":"https:\/\/www.mazoka.org\/ok\/#breadcrumb"},"inLanguage":"eu-ES","potentialAction":[{"@type":"ReadAction","target":["https:\/\/www.mazoka.org\/ok\/"]}]},{"@type":"BreadcrumbList","@id":"https:\/\/www.mazoka.org\/ok\/#breadcrumb","itemListElement":[{"@type":"ListItem","position":1,"name":"Portada","item":"https:\/\/www.mazoka.org\/"},{"@type":"ListItem","position":2,"name":"Ok"}]},{"@type":"WebSite","@id":"https:\/\/www.mazoka.org\/#website","url":"https:\/\/www.mazoka.org\/","name":"Mazoka","description":"Marrazki azoka","potentialAction":[{"@type":"SearchAction","target":{"@type":"EntryPoint","urlTemplate":"https:\/\/www.mazoka.org\/?s={search_term_string}"},"query-input":{"@type":"PropertyValueSpecification","valueRequired":true,"valueName":"search_term_string"}}],"inLanguage":"eu-ES"}]}},"_links":{"self":[{"href":"https:\/\/www.mazoka.org\/eu\/wp-json\/wp\/v2\/pages\/3440","targetHints":{"allow":["GET"]}}],"collection":[{"href":"https:\/\/www.mazoka.org\/eu\/wp-json\/wp\/v2\/pages"}],"about":[{"href":"https:\/\/www.mazoka.org\/eu\/wp-json\/wp\/v2\/types\/page"}],"author":[{"embeddable":true,"href":"https:\/\/www.mazoka.org\/eu\/wp-json\/wp\/v2\/users\/4"}],"replies":[{"embeddable":true,"href":"https:\/\/www.mazoka.org\/eu\/wp-json\/wp\/v2\/comments?post=3440"}],"version-history":[{"count":6,"href":"https:\/\/www.mazoka.org\/eu\/wp-json\/wp\/v2\/pages\/3440\/revisions"}],"predecessor-version":[{"id":3455,"href":"https:\/\/www.mazoka.org\/eu\/wp-json\/wp\/v2\/pages\/3440\/revisions\/3455"}],"wp:attachment":[{"href":"https:\/\/www.mazoka.org\/eu\/wp-json\/wp\/v2\/media?parent=3440"}],"curies":[{"name":"wp","href":"https:\/\/api.w.org\/{rel}","templated":true}]}}