{"id":16890,"date":"2025-08-09T11:53:52","date_gmt":"2025-08-09T09:53:52","guid":{"rendered":"https:\/\/www.mazoka.org\/reliant\/home-2025\/"},"modified":"2025-08-09T11:53:52","modified_gmt":"2025-08-09T09:53:52","slug":"home-2025","status":"publish","type":"page","link":"https:\/\/www.mazoka.org\/eu\/home-2025\/","title":{"rendered":"Home 2025"},"content":{"rendered":"\n<style type=\"text\/css\" data-created_by=\"avia_inline_auto\" id=\"style-css-av-me6uxll4-5e262cc26dd431a440ae5a8f5e1e4c22\">\n#top .av-slideshow-ui.av-me6uxll4-5e262cc26dd431a440ae5a8f5e1e4c22 .avia-slideshow-arrows a{\nbackground-color:#e35982;\n}\n.av-slideshow-ui.av-me6uxll4-5e262cc26dd431a440ae5a8f5e1e4c22 .avia-slideshow-dots a.active{\nbackground-color:#e35982;\n}\n<\/style>\n<div  class='avia-slideshow av-me6uxll4-5e262cc26dd431a440ae5a8f5e1e4c22 avia-slideshow-featured av_slideshow avia-slide-slider  avia-builder-el-0  el_before_av_one_half  avia-builder-el-first  av-slideshow-ui av-control-default av-nav-dots-visible av-slideshow-autoplay av-loop-endless av-loop-manual-endless av-default-height-applied avia-slideshow-1' data-slideshow-options=\"{&quot;animation&quot;:&quot;slide&quot;,&quot;autoplay&quot;:true,&quot;loop_autoplay&quot;:&quot;endless&quot;,&quot;interval&quot;:5,&quot;loop_manual&quot;:&quot;manual-endless&quot;,&quot;autoplay_stopper&quot;:false,&quot;noNavigation&quot;:false,&quot;bg_slider&quot;:false,&quot;keep_padding&quot;:false,&quot;hoverpause&quot;:false,&quot;show_slide_delay&quot;:0}\"  itemprop=\"image\" itemscope=\"itemscope\" itemtype=\"https:\/\/schema.org\/ImageObject\" ><ul class='avia-slideshow-inner ' style='padding-bottom: 28.666666666667%;'><li  class='avia-slideshow-slide av-me6uxll4-5e262cc26dd431a440ae5a8f5e1e4c22__0  slide-1 slide-odd'><div data-rel='slideshow-1' class='avia-slide-wrap '   ><img fetchpriority=\"high\" fetchpriority=\"high\" decoding=\"async\" fetchpriority=\"high\" class=\"wp-image-16850 avia-img-lazy-loading-not-16850\"  src=\"https:\/\/www.mazoka.org\/wp-content\/uploads\/2025\/08\/banner-MZK-1-1500x430.jpg\" width=\"1500\" height=\"430\" title='banner MZK-1' alt=''  itemprop=\"thumbnailUrl\"   \/><\/div><\/li><li  class='avia-slideshow-slide av-me6uxll4-5e262cc26dd431a440ae5a8f5e1e4c22__1  slide-2 slide-even'><div data-rel='slideshow-1' class='avia-slide-wrap '   ><img fetchpriority=\"high\" fetchpriority=\"high\" decoding=\"async\" fetchpriority=\"high\" class=\"wp-image-16852 avia-img-lazy-loading-not-16852\"  src=\"https:\/\/www.mazoka.org\/wp-content\/uploads\/2025\/08\/banner-MZK-2-1500x430.jpg\" width=\"1500\" height=\"430\" title='banner MZK-2' alt=''  itemprop=\"thumbnailUrl\"   \/><\/div><\/li><li  class='avia-slideshow-slide av-me6uxll4-5e262cc26dd431a440ae5a8f5e1e4c22__2  slide-3 slide-odd'><div data-rel='slideshow-1' class='avia-slide-wrap '   ><img fetchpriority=\"high\" fetchpriority=\"high\" decoding=\"async\" fetchpriority=\"high\" class=\"wp-image-16854 avia-img-lazy-loading-not-16854\"  src=\"https:\/\/www.mazoka.org\/wp-content\/uploads\/2025\/08\/banner-MZK-3-1500x430.jpg\" width=\"1500\" height=\"430\" title='banner MZK-3' alt=''  itemprop=\"thumbnailUrl\"   \/><\/div><\/li><li  class='avia-slideshow-slide av-me6uxll4-5e262cc26dd431a440ae5a8f5e1e4c22__3  slide-4 slide-even'><div data-rel='slideshow-1' class='avia-slide-wrap '   ><img fetchpriority=\"high\" fetchpriority=\"high\" decoding=\"async\" fetchpriority=\"high\" class=\"wp-image-16856 avia-img-lazy-loading-not-16856\"  src=\"https:\/\/www.mazoka.org\/wp-content\/uploads\/2025\/08\/banner-MZK-4-1500x430.jpg\" width=\"1500\" height=\"430\" title='banner MZK-4' alt=''  itemprop=\"thumbnailUrl\"   \/><\/div><\/li><\/ul><div class='avia-slideshow-arrows avia-slideshow-controls' ><a href='#prev' class='prev-slide ' aria-hidden='true' data-av_icon='\ue87c' data-av_iconfont='entypo-fontello'  tabindex='-1'>Previous<\/a><a href='#next' class='next-slide ' aria-hidden='true' data-av_icon='\ue87d' data-av_iconfont='entypo-fontello'  tabindex='-1'>Next<\/a><\/div><div class='avia-slideshow-dots avia-slideshow-controls'><a href='#1' class='goto-slide active' >1<\/a><a href='#2' class='goto-slide ' >2<\/a><a href='#3' class='goto-slide ' >3<\/a><a href='#4' class='goto-slide ' >4<\/a><\/div><\/div>\n<div class='flex_column_table av-me6v2hen-0baf89174dedd583f25ee2fcd67ed162 sc-av_one_half av-equal-height-column-flextable'>\n<style type=\"text\/css\" data-created_by=\"avia_inline_auto\" id=\"style-css-av-me6v2hen-0baf89174dedd583f25ee2fcd67ed162\">\n.flex_column.av-me6v2hen-0baf89174dedd583f25ee2fcd67ed162{\npadding:20px 20px 20px 20px;\nbackground-color:#e35982;\n}\n<\/style>\n<div  class='flex_column av-me6v2hen-0baf89174dedd583f25ee2fcd67ed162 av_one_half  avia-builder-el-1  el_after_av_slideshow  el_before_av_one_half  first flex_column_table_cell av-equal-height-column av-align-top  '     ><style type=\"text\/css\" data-created_by=\"avia_inline_auto\" id=\"style-css-av-me6vbbud-01f351748bb1c7d0f570aadc56001f41\">\n#top .av_textblock_section.av-me6vbbud-01f351748bb1c7d0f570aadc56001f41 .avia_textblock{\ntext-align:right;\n}\n<\/style>\n<section  class='av_textblock_section av-me6vbbud-01f351748bb1c7d0f570aadc56001f41 '   itemscope=\"itemscope\" itemtype=\"https:\/\/schema.org\/CreativeWork\" ><div class='avia_textblock'  itemprop=\"text\" ><h1 style=\"text-align: right;\">MAZOKA 2025<\/h1>\n<h2 style=\"text-align: right;\">Marrazki Azoka<\/h2>\n<p style=\"text-align: right;\">Mercado de de Dibujo e Ilustraci\u00f3n de Vitoria-Gasteiz<\/p>\n<\/div><\/section><br \/>\n\n<style type=\"text\/css\" data-created_by=\"avia_inline_auto\" id=\"style-css-av-me6vc6ep-9fb4c253ac17e9fe929d27466ef6ceb3\">\n#top .av_textblock_section.av-me6vc6ep-9fb4c253ac17e9fe929d27466ef6ceb3 .avia_textblock{\ntext-align:right;\n}\n<\/style>\n<section  class='av_textblock_section av-me6vc6ep-9fb4c253ac17e9fe929d27466ef6ceb3 '   itemscope=\"itemscope\" itemtype=\"https:\/\/schema.org\/CreativeWork\" ><div class='avia_textblock'  itemprop=\"text\" ><h2 style=\"text-align: right;\">19-20-21 DICIEMBRE<\/h2>\n<\/div><\/section><br \/>\n\n<style type=\"text\/css\" data-created_by=\"avia_inline_auto\" id=\"style-css-av-me6vcs1h-e847a2ae323a5ed827929be87dab12ff\">\n#top .av_textblock_section.av-me6vcs1h-e847a2ae323a5ed827929be87dab12ff .avia_textblock{\ntext-align:right;\n}\n<\/style>\n<section  class='av_textblock_section av-me6vcs1h-e847a2ae323a5ed827929be87dab12ff '   itemscope=\"itemscope\" itemtype=\"https:\/\/schema.org\/CreativeWork\" ><div class='avia_textblock'  itemprop=\"text\" ><p style=\"text-align: right;\">Centro Cultural Montehermoso<br \/>\nVitoria-Gasteiz<\/p>\n<\/div><\/section><\/p><\/div>\n<div class='av-flex-placeholder'><\/div>\n<style type=\"text\/css\" data-created_by=\"avia_inline_auto\" id=\"style-css-av-me6w5ebk-78e61c4dd7526cc5f82a942012f03a47\">\n.flex_column.av-me6w5ebk-78e61c4dd7526cc5f82a942012f03a47{\npadding:20px 20px 20px 20px;\n}\n<\/style>\n<div  class='flex_column av-me6w5ebk-78e61c4dd7526cc5f82a942012f03a47 av_one_half  avia-builder-el-5  el_after_av_one_half  avia-builder-el-last  flex_column_table_cell av-equal-height-column av-align-top  '     ><style type=\"text\/css\" data-created_by=\"avia_inline_auto\" id=\"style-css-av-me6w908w-6815ad5f691ad6598644820bec4bbbd0\">\n#top .av_textblock_section.av-me6w908w-6815ad5f691ad6598644820bec4bbbd0 .avia_textblock{\ntext-align:center;\n}\n<\/style>\n<section  class='av_textblock_section av-me6w908w-6815ad5f691ad6598644820bec4bbbd0 '   itemscope=\"itemscope\" itemtype=\"https:\/\/schema.org\/CreativeWork\" ><div class='avia_textblock'  itemprop=\"text\" ><h1 style=\"text-align: center;\">\u00a1ESTAMOS EN LLAMAS!<\/h1>\n<h2 style=\"text-align: center;\">La convocatoria para la X edici\u00f3n de Mazoka y la beca de estudiantes BEKIKASLE-LABORAL KUTXA estar\u00e1 abierta del 15 de septiembre de 2025 hasta el 7 de octubre a las 23:59h.<\/h2>\n<p style=\"text-align: center;\">Entre todes las solicitudes se har\u00e1 una selecci\u00f3n de <strong>30 mazokalaris<\/strong> que ser\u00e1 anunciada la \u00faltima semana de octubre.<\/p>\n<p style=\"text-align: center;\">La X edici\u00f3n (y sus festejos) tendr\u00e1 lugar nuevamente en el <strong>Antiguo Dep\u00f3sito de Aguas del Centro Cultural de Montehermoso<\/strong>, situado en lo m\u00e1s alto de la almendra medieval de <strong>Vitoria-Gasteiz el 19, 20 y 21 de diciembre.<\/strong><\/p>\n<\/div><\/section><\/div><\/div><!--close column table wrapper. Autoclose: 1 -->\n","protected":false},"excerpt":{"rendered":"","protected":false},"author":4,"featured_media":0,"parent":0,"menu_order":0,"comment_status":"closed","ping_status":"closed","template":"","meta":{"footnotes":""},"class_list":["post-16890","page","type-page","status-publish","hentry"],"yoast_head":"<!-- This site is optimized with the Yoast SEO plugin v26.2 - https:\/\/yoast.com\/wordpress\/plugins\/seo\/ -->\n<title>Home 2025 - Mazoka<\/title>\n<meta name=\"robots\" content=\"index, follow, max-snippet:-1, max-image-preview:large, max-video-preview:-1\" \/>\n<link rel=\"canonical\" href=\"https:\/\/www.mazoka.org\/eu\/\" \/>\n<meta property=\"og:locale\" content=\"eu_ES\" \/>\n<meta property=\"og:type\" content=\"article\" \/>\n<meta property=\"og:title\" content=\"Home 2025 - Mazoka\" \/>\n<meta property=\"og:url\" content=\"https:\/\/www.mazoka.org\/eu\/\" \/>\n<meta property=\"og:site_name\" content=\"Mazoka\" \/>\n<meta name=\"twitter:card\" content=\"summary_large_image\" \/>\n<meta name=\"twitter:label1\" content=\"Est. reading time\" \/>\n\t<meta name=\"twitter:data1\" content=\"10 minutes\" \/>\n<script type=\"application\/ld+json\" class=\"yoast-schema-graph\">{\"@context\":\"https:\/\/schema.org\",\"@graph\":[{\"@type\":\"WebPage\",\"@id\":\"https:\/\/www.mazoka.org\/eu\/\",\"url\":\"https:\/\/www.mazoka.org\/eu\/\",\"name\":\"Home 2025 - Mazoka\",\"isPartOf\":{\"@id\":\"https:\/\/www.mazoka.org\/#website\"},\"datePublished\":\"2025-08-09T09:53:52+00:00\",\"breadcrumb\":{\"@id\":\"https:\/\/www.mazoka.org\/eu\/#breadcrumb\"},\"inLanguage\":\"eu-ES\",\"potentialAction\":[{\"@type\":\"ReadAction\",\"target\":[\"https:\/\/www.mazoka.org\/eu\/\"]}]},{\"@type\":\"BreadcrumbList\",\"@id\":\"https:\/\/www.mazoka.org\/eu\/#breadcrumb\",\"itemListElement\":[{\"@type\":\"ListItem\",\"position\":1,\"name\":\"Portada\",\"item\":\"https:\/\/www.mazoka.org\/\"},{\"@type\":\"ListItem\",\"position\":2,\"name\":\"Home 2025\"}]},{\"@type\":\"WebSite\",\"@id\":\"https:\/\/www.mazoka.org\/#website\",\"url\":\"https:\/\/www.mazoka.org\/\",\"name\":\"Mazoka\",\"description\":\"Marrazki azoka\",\"potentialAction\":[{\"@type\":\"SearchAction\",\"target\":{\"@type\":\"EntryPoint\",\"urlTemplate\":\"https:\/\/www.mazoka.org\/?s={search_term_string}\"},\"query-input\":{\"@type\":\"PropertyValueSpecification\",\"valueRequired\":true,\"valueName\":\"search_term_string\"}}],\"inLanguage\":\"eu-ES\"}]}<\/script>\n<!-- \/ Yoast SEO plugin. -->","yoast_head_json":{"title":"Home 2025 - Mazoka","robots":{"index":"index","follow":"follow","max-snippet":"max-snippet:-1","max-image-preview":"max-image-preview:large","max-video-preview":"max-video-preview:-1"},"canonical":"https:\/\/www.mazoka.org\/eu\/","og_locale":"eu_ES","og_type":"article","og_title":"Home 2025 - Mazoka","og_url":"https:\/\/www.mazoka.org\/eu\/","og_site_name":"Mazoka","twitter_card":"summary_large_image","twitter_misc":{"Est. reading time":"10 minutes"},"schema":{"@context":"https:\/\/schema.org","@graph":[{"@type":"WebPage","@id":"https:\/\/www.mazoka.org\/eu\/","url":"https:\/\/www.mazoka.org\/eu\/","name":"Home 2025 - Mazoka","isPartOf":{"@id":"https:\/\/www.mazoka.org\/#website"},"datePublished":"2025-08-09T09:53:52+00:00","breadcrumb":{"@id":"https:\/\/www.mazoka.org\/eu\/#breadcrumb"},"inLanguage":"eu-ES","potentialAction":[{"@type":"ReadAction","target":["https:\/\/www.mazoka.org\/eu\/"]}]},{"@type":"BreadcrumbList","@id":"https:\/\/www.mazoka.org\/eu\/#breadcrumb","itemListElement":[{"@type":"ListItem","position":1,"name":"Portada","item":"https:\/\/www.mazoka.org\/"},{"@type":"ListItem","position":2,"name":"Home 2025"}]},{"@type":"WebSite","@id":"https:\/\/www.mazoka.org\/#website","url":"https:\/\/www.mazoka.org\/","name":"Mazoka","description":"Marrazki azoka","potentialAction":[{"@type":"SearchAction","target":{"@type":"EntryPoint","urlTemplate":"https:\/\/www.mazoka.org\/?s={search_term_string}"},"query-input":{"@type":"PropertyValueSpecification","valueRequired":true,"valueName":"search_term_string"}}],"inLanguage":"eu-ES"}]}},"_links":{"self":[{"href":"https:\/\/www.mazoka.org\/eu\/wp-json\/wp\/v2\/pages\/16890","targetHints":{"allow":["GET"]}}],"collection":[{"href":"https:\/\/www.mazoka.org\/eu\/wp-json\/wp\/v2\/pages"}],"about":[{"href":"https:\/\/www.mazoka.org\/eu\/wp-json\/wp\/v2\/types\/page"}],"author":[{"embeddable":true,"href":"https:\/\/www.mazoka.org\/eu\/wp-json\/wp\/v2\/users\/4"}],"replies":[{"embeddable":true,"href":"https:\/\/www.mazoka.org\/eu\/wp-json\/wp\/v2\/comments?post=16890"}],"version-history":[{"count":0,"href":"https:\/\/www.mazoka.org\/eu\/wp-json\/wp\/v2\/pages\/16890\/revisions"}],"wp:attachment":[{"href":"https:\/\/www.mazoka.org\/eu\/wp-json\/wp\/v2\/media?parent=16890"}],"curies":[{"name":"wp","href":"https:\/\/api.w.org\/{rel}","templated":true}]}}