{"id":12257,"date":"2021-07-26T12:04:21","date_gmt":"2021-07-26T10:04:21","guid":{"rendered":"https:\/\/www.mazoka.org\/quiero-ser-mazokalari-2022\/"},"modified":"2022-10-19T07:17:48","modified_gmt":"2022-10-19T05:17:48","slug":"mazokalaria-izan-nahi-dut","status":"publish","type":"page","link":"https:\/\/www.mazoka.org\/eu\/mazokalaria-izan-nahi-dut\/","title":{"rendered":"Mazokalaria izan nahi dut"},"content":{"rendered":"<div id='full_slider_1'  class='avia-fullwidth-slider main_color avia-shadow   avia-builder-el-0  el_before_av_one_full  avia-builder-el-first   container_wrap fullsize'  ><div  class='avia-slideshow av-l8yqkojq-a3fda7b1ebff88b8b1fad73a3d643ae5 avia-slideshow-featured av_slideshow_full avia-slide-slider av-slideshow-ui av-control-default av-slideshow-manual av-loop-once av-loop-manual-endless av-default-height-applied   avia-slideshow-1' data-slideshow-options=\"{&quot;animation&quot;:&quot;slide&quot;,&quot;autoplay&quot;:false,&quot;loop_autoplay&quot;:&quot;once&quot;,&quot;interval&quot;:5,&quot;loop_manual&quot;:&quot;manual-endless&quot;,&quot;autoplay_stopper&quot;:false,&quot;noNavigation&quot;:false,&quot;bg_slider&quot;:false,&quot;keep_padding&quot;:false,&quot;hoverpause&quot;:false,&quot;show_slide_delay&quot;:0}\"  itemprop=\"image\" itemscope=\"itemscope\" itemtype=\"https:\/\/schema.org\/ImageObject\" ><ul class='avia-slideshow-inner ' style='padding-bottom: 28.666666666667%;'><li  class='avia-slideshow-slide av-l8yqkojq-a3fda7b1ebff88b8b1fad73a3d643ae5__0  slide-1 slide-odd'><div data-rel='slideshow-1' class='avia-slide-wrap '   ><img fetchpriority=\"high\" fetchpriority=\"high\" decoding=\"async\" fetchpriority=\"high\" class=\"wp-image-12093 avia-img-lazy-loading-not-12093\"  src=\"https:\/\/www.mazoka.org\/wp-content\/uploads\/2022\/10\/mazoka-2019_59-1500x430.jpg\" width=\"1500\" height=\"430\" title='mazoka-2019_59' alt=''  itemprop=\"thumbnailUrl\"   \/><\/div><\/li><li  class='avia-slideshow-slide av-l8yqkojq-a3fda7b1ebff88b8b1fad73a3d643ae5__1  slide-2 slide-even'><div data-rel='slideshow-1' class='avia-slide-wrap '   ><img fetchpriority=\"high\" fetchpriority=\"high\" decoding=\"async\" fetchpriority=\"high\" class=\"wp-image-12085 avia-img-lazy-loading-not-12085\"  src=\"https:\/\/www.mazoka.org\/wp-content\/uploads\/2022\/10\/mazoka-2019_82-1500x430.jpg\" width=\"1500\" height=\"430\" title='mazoka-2019_82' alt=''  itemprop=\"thumbnailUrl\"   \/><\/div><\/li><li  class='avia-slideshow-slide av-l8yqkojq-a3fda7b1ebff88b8b1fad73a3d643ae5__2  slide-3 slide-odd'><div data-rel='slideshow-1' class='avia-slide-wrap '   ><img fetchpriority=\"high\" fetchpriority=\"high\" decoding=\"async\" fetchpriority=\"high\" class=\"wp-image-12087 avia-img-lazy-loading-not-12087\"  src=\"https:\/\/www.mazoka.org\/wp-content\/uploads\/2022\/10\/mazoka-2019_67-1500x430.jpg\" width=\"1500\" height=\"430\" title='mazoka-2019_67' alt=''  itemprop=\"thumbnailUrl\"   \/><\/div><\/li><li  class='avia-slideshow-slide av-l8yqkojq-a3fda7b1ebff88b8b1fad73a3d643ae5__3  slide-4 slide-even'><div data-rel='slideshow-1' class='avia-slide-wrap '   ><img fetchpriority=\"high\" fetchpriority=\"high\" decoding=\"async\" fetchpriority=\"high\" class=\"wp-image-12089 avia-img-lazy-loading-not-12089\"  src=\"https:\/\/www.mazoka.org\/wp-content\/uploads\/2022\/10\/mazoka-2019_70-1500x430.jpg\" width=\"1500\" height=\"430\" title='mazoka-2019_70' alt=''  itemprop=\"thumbnailUrl\"   \/><\/div><\/li><li  class='avia-slideshow-slide av-l8yqkojq-a3fda7b1ebff88b8b1fad73a3d643ae5__4  slide-5 slide-odd'><div data-rel='slideshow-1' class='avia-slide-wrap '   ><img fetchpriority=\"high\" fetchpriority=\"high\" decoding=\"async\" fetchpriority=\"high\" class=\"wp-image-12091 avia-img-lazy-loading-not-12091\"  src=\"https:\/\/www.mazoka.org\/wp-content\/uploads\/2022\/10\/mazoka-2019_71-1500x430.jpg\" width=\"1500\" height=\"430\" title='mazoka-2019_71' alt=''  itemprop=\"thumbnailUrl\"   \/><\/div><\/li><li  class='avia-slideshow-slide av-l8yqkojq-a3fda7b1ebff88b8b1fad73a3d643ae5__5  slide-6 slide-even'><div data-rel='slideshow-1' class='avia-slide-wrap '   ><img fetchpriority=\"high\" fetchpriority=\"high\" decoding=\"async\" fetchpriority=\"high\" class=\"wp-image-12083 avia-img-lazy-loading-not-12083\"  src=\"https:\/\/www.mazoka.org\/wp-content\/uploads\/2022\/10\/mazoka-2019_77-1500x430.jpg\" width=\"1500\" height=\"430\" title='mazoka-2019_77' alt=''  itemprop=\"thumbnailUrl\"   \/><\/div><\/li><li  class='avia-slideshow-slide av-l8yqkojq-a3fda7b1ebff88b8b1fad73a3d643ae5__6  slide-7 slide-odd'><div data-rel='slideshow-1' class='avia-slide-wrap '   ><img fetchpriority=\"high\" fetchpriority=\"high\" decoding=\"async\" fetchpriority=\"high\" class=\"wp-image-12097 avia-img-lazy-loading-not-12097\"  src=\"https:\/\/www.mazoka.org\/wp-content\/uploads\/2022\/10\/mazoka-2019_43-1500x430.jpg\" width=\"1500\" height=\"430\" title='mazoka-2019_43' alt=''  itemprop=\"thumbnailUrl\"   \/><\/div><\/li><li  class='avia-slideshow-slide av-l8yqkojq-a3fda7b1ebff88b8b1fad73a3d643ae5__7  slide-8 slide-even'><div data-rel='slideshow-1' class='avia-slide-wrap '   ><img fetchpriority=\"high\" fetchpriority=\"high\" decoding=\"async\" fetchpriority=\"high\" class=\"wp-image-12099 avia-img-lazy-loading-not-12099\"  src=\"https:\/\/www.mazoka.org\/wp-content\/uploads\/2022\/10\/mazoka-2019_28-1500x430.jpg\" width=\"1500\" height=\"430\" title='mazoka-2019_28' alt=''  itemprop=\"thumbnailUrl\"   \/><\/div><\/li><li  class='avia-slideshow-slide av-l8yqkojq-a3fda7b1ebff88b8b1fad73a3d643ae5__8  slide-9 slide-odd'><div data-rel='slideshow-1' class='avia-slide-wrap '   ><img fetchpriority=\"high\" fetchpriority=\"high\" decoding=\"async\" fetchpriority=\"high\" class=\"wp-image-12101 avia-img-lazy-loading-not-12101\"  src=\"https:\/\/www.mazoka.org\/wp-content\/uploads\/2022\/10\/mazoka-2019_17-1500x430.jpg\" width=\"1500\" height=\"430\" title='mazoka-2019_17' alt=''  itemprop=\"thumbnailUrl\"   \/><\/div><\/li><li  class='avia-slideshow-slide av-l8yqkojq-a3fda7b1ebff88b8b1fad73a3d643ae5__9  slide-10 slide-even'><div data-rel='slideshow-1' class='avia-slide-wrap '   ><img fetchpriority=\"high\" fetchpriority=\"high\" decoding=\"async\" fetchpriority=\"high\" class=\"wp-image-12103 avia-img-lazy-loading-not-12103\"  src=\"https:\/\/www.mazoka.org\/wp-content\/uploads\/2022\/10\/mazoka-2019_7-1500x430.jpg\" width=\"1500\" height=\"430\" title='mazoka-2019_7' alt=''  itemprop=\"thumbnailUrl\"   \/><\/div><\/li><\/ul><div class='avia-slideshow-arrows avia-slideshow-controls' ><a href='#prev' class='prev-slide ' aria-hidden='true' data-av_icon='\ue87c' data-av_iconfont='entypo-fontello'  tabindex='-1'>Previous<\/a><a href='#next' class='next-slide ' aria-hidden='true' data-av_icon='\ue87d' data-av_iconfont='entypo-fontello'  tabindex='-1'>Next<\/a><\/div><div class='avia-slideshow-dots avia-slideshow-controls'><a href='#1' class='goto-slide active' >1<\/a><a href='#2' class='goto-slide ' >2<\/a><a href='#3' class='goto-slide ' >3<\/a><a href='#4' class='goto-slide ' >4<\/a><a href='#5' class='goto-slide ' >5<\/a><a href='#6' class='goto-slide ' >6<\/a><a href='#7' class='goto-slide ' >7<\/a><a href='#8' class='goto-slide ' >8<\/a><a href='#9' class='goto-slide ' >9<\/a><a href='#10' class='goto-slide ' >10<\/a><\/div><\/div><\/div><div id='after_full_slider_1'  class='main_color av_default_container_wrap container_wrap fullsize'  ><div class='container av-section-cont-open' ><div class='template-page content  av-content-full alpha units'><div class='post-entry post-entry-type-page post-entry-12257'><div class='entry-content-wrapper clearfix'>\n<div  class='flex_column av-2c7qmk-95ec24edc847e43c1c77383e5e0cfbea av_one_full  avia-builder-el-1  el_after_av_slideshow_full  el_before_av_one_third  avia-builder-el-first  first flex_column_div  '     ><section  class='av_textblock_section av-l8yqopne-da31131aa25e204f4fea533a71b7b29a '   itemscope=\"itemscope\" itemtype=\"https:\/\/schema.org\/CreativeWork\" ><div class='avia_textblock'  itemprop=\"text\" ><h1 style=\"text-align: center;\">MAZOKAn parte hartzeko deialdia itxita dago<\/h1>\n<div id=\"translation_text\">\n<div class=\"jumbotron-text\">\n<div class=\"row\">\n<div class=\"col-md-12 col-xs-12\" style=\"text-align: center;\">40 hautatuak 2022ko urriaren 28an iragarriko dira www.mazoka.org webgunean, ekitaldiaren sare sozialetan eta posta elektroniko bidez. Zorte on!<\/div>\n<\/div>\n<\/div>\n<\/div>\n<\/div><\/section><br \/>\n<div  class='avia-button-wrap av-l8ys91dg-93b953dc5a0fd850ba13dd93f7fbf1cd-wrap avia-button-center  avia-builder-el-3  el_after_av_textblock  avia-builder-el-last '><a href='https:\/\/www.mazoka.org\/normas-condiciones\/'  class='avia-button av-l8ys91dg-93b953dc5a0fd850ba13dd93f7fbf1cd avia-icon_select-yes-left-icon avia-size-small avia-position-center avia-color-theme-color'  ><span class='avia_button_icon avia_button_icon_left' aria-hidden='true' data-av_icon='\ue817' data-av_iconfont='entypo-fontello'><\/span><span class='avia_iconbox_title' >Parte hartzeko arauak<\/span><\/a><\/div><\/p><\/div>\n<style type=\"text\/css\" data-created_by=\"avia_inline_auto\" id=\"style-css-av-ir38by-63f368c8bafbcaef2513141c48ba34d0\">\n.flex_column.av-ir38by-63f368c8bafbcaef2513141c48ba34d0{\npadding:0 0 0 0;\n}\n<\/style>\n<div  class='flex_column av-ir38by-63f368c8bafbcaef2513141c48ba34d0 av_one_third  avia-builder-el-4  el_after_av_one_full  el_before_av_two_third  first flex_column_div av-zero-column-padding  column-top-margin'     ><article  class='iconbox iconbox_top av-h4jw4u-445f73639a62da149f65e39a1d8f513e  avia-builder-el-5  el_before_av_hr  avia-builder-el-first  main_color'  itemscope=\"itemscope\" itemtype=\"https:\/\/schema.org\/CreativeWork\" ><div class=\"iconbox_content\"><header class=\"entry-content-header\"><div class=\"iconbox_icon heading-color\" aria-hidden='true' data-av_icon='\ue821' data-av_iconfont='entypo-fontello'><\/div><h3 class='iconbox_content_title '  itemprop=\"headline\" >MAZOKA 2022<\/h3><\/header><div class='iconbox_content_container '  itemprop=\"text\" ><h4>NON? ETA NOIZ?<\/h4>\n<p>Egun eta ordu hauetan egongo da zabalik azoka:<\/p>\n<ul>\n<li>abenduaren 16an, ostirala, 17:00etatik 21:00etara;<\/li>\n<li>abenduaren 17an, larunbata, 11:00etatik 21:00etara;<\/li>\n<li>eta abenduaren 18an, igandea, 11:00etatik 19:00etara.<\/li>\n<\/ul>\n<p>Abenduaren 15ean, osteguna, 17:00etatik 21:00etara, eta abenduaren 16an, ostirala, 11:00etatik 14:00etara, muntatuko da; eta desmuntatu, berriz, abenduaren 18an, igandea, 19:30etik 21:00etara.<\/p>\n<p>Aurtengo azoka ere, zortzigarrena, Ur Biltegi zaharrean izango da, Gasteizko Erdi Aroko Arbendolaren zati gorenean (www.montehermoso.net, Frai Zacarias Martinez kalea 2, CP 01001).<\/p>\n<p>Asteburuan eta MAZOKA jaialdi grafikoaren barruan, hainbat eratako jarduera paraleloak izango dira marrazkigintzarekin eta ilustrazioarekin lotuta hiriko toki enblematikoetan: emanaldiak, tailerrak, hitzaldiak, erakusketak, erakustaldiak, etab.<\/p>\n<\/div><\/div><footer class=\"entry-footer\"><\/footer><\/article><br \/>\n<div  class='hr av-2b00jw-65b0f88bd13e7887d1f87db2a3db11ac hr-default  avia-builder-el-6  el_after_av_icon_box  el_before_av_icon_box '><span class='hr-inner '><span class=\"hr-inner-style\"><\/span><\/span><\/div><br \/>\n<article  class='iconbox iconbox_top av-gay7xq-f92c3b9d6df20be6bc4be896545e862c  avia-builder-el-7  el_after_av_hr  el_before_av_icon_box  main_color'  itemscope=\"itemscope\" itemtype=\"https:\/\/schema.org\/CreativeWork\" ><div class=\"iconbox_content\"><header class=\"entry-content-header\"><div class=\"iconbox_icon heading-color\" aria-hidden='true' data-av_icon='\ue803' data-av_iconfont='entypo-fontello'><\/div><h3 class='iconbox_content_title '  itemprop=\"headline\" >NOR IZAN DAITEKE MAZOKALARI?<\/h3><\/header><div class='iconbox_content_container '  itemprop=\"text\" ><p>MARRAZKILARIAK, profesionalak izan ala ez, bertakoak, Estatukoak eta nazioartekoak, arlo hauetan lan egiten dutenak: ilustrazioa, komikia, diseinua, artisautza, animazioa, etab.<\/p>\n<p>MAZOKAn, jatorrizkoak, kopiak eta aplikatutako produktuak edo merchandisinga erakutsi eta saldu ahal izango dira (papergintza, dekorazioa, arropa, argitalpenak, zeramikazko irudiak, etab.).<\/p>\n<p>Azokan parte hartuko duten artistek ilustratutakoak izan behar dute obra edo aplikazio guztie<\/p>\n<\/div><\/div><footer class=\"entry-footer\"><\/footer><\/article><br \/>\n<article  class='iconbox iconbox_top av-ajkase-f69b7fe1301e283412b499870d22e3d6  avia-builder-el-8  el_after_av_icon_box  el_before_av_icon_box  main_color'  itemscope=\"itemscope\" itemtype=\"https:\/\/schema.org\/CreativeWork\" ><div class=\"iconbox_content\"><header class=\"entry-content-header\"><div class=\"iconbox_icon heading-color\" aria-hidden='true' data-av_icon='\ue82a' data-av_iconfont='entypo-fontello'><\/div><h3 class='iconbox_content_title '  itemprop=\"headline\" >NOIZ ARTE EMAN DEZAKEZU IZENA?<\/h3><\/header><div class='iconbox_content_container '  itemprop=\"text\" ><p>2022ko urriaren 8tik 18ko 23:59ra egongo da zabalik deialdia.<\/p>\n<p>Urriaren 28an argitaratuko dira hautatutakoak, www.mazoka.org webgunean, ekitaldiaren sare sozialetan eta posta elektroniko bidez. Epaimahaiaren erabakia apelaezina da.<\/p>\n<\/div><\/div><footer class=\"entry-footer\"><\/footer><\/article><br \/>\n<article  class='iconbox iconbox_top av-c6i7oe-c903adbe7dbfbdc1395feca3dd55d948  avia-builder-el-9  el_after_av_icon_box  el_before_av_icon_box  main_color'  itemscope=\"itemscope\" itemtype=\"https:\/\/schema.org\/CreativeWork\" ><div class=\"iconbox_content\"><header class=\"entry-content-header\"><div class=\"iconbox_icon heading-color\" aria-hidden='true' data-av_icon='\ue808' data-av_iconfont='entypo-fontello'><\/div><h3 class='iconbox_content_title '  itemprop=\"headline\" >PARTE HARTZEKO OINARRIAK<\/h3><\/header><div class='iconbox_content_container '  itemprop=\"text\" ><p>Eskaera guztietatik, 40 parte-hartzaile HAUTATUKO dira, eta haietako bakoitzak 1,80 m luzeko eta 0,75 m zabaleko mahai bat, 1 x 1 m-ko hormako erakustoki bat eta aulki bat izango ditu. Epaimahaiaren erabakia publiko egin ondoren bidaliko zaizkie dekorazioari, argiztapenari eta abarri buruzko baldintzak hautatutakoei.<\/p>\n<p>Hautatutako mazokalariek 60 \u20ac ordaindu behar dituzte adieraziko zaien kontu-zenbakian, IZENA EMATEKO, jakinarazpena jaso eta zazpi eguneko epean. Zenbateko hori ez da itzuliko.<\/p>\n<p>Banaka edo taldeka eman daiteke izena MAZOKALARI gisa. Taldeka izena ematean MAZOKAN zer lan erakutsi eta saldu nahi diren adierazi behar da, bai taldean egindakoak, bai kideek banaka egindakoak.<\/p>\n<p>Ezinbestekoa da lanak online aurkeztea (webgunea, bloga edo antzeko bat); aurretik egindako lanak izan behar dira bertan, edo azokan erakutsiko denaren lagin bat. Hautatutakoak ezagutarazteko eta aurkezteko erabiliko da esteka hori.<\/p>\n<p>MAZOKALARIEK nahi adina aldiz har dezakete parte, baina, bi urtez jarraian parte hartu ondoren, hirugarrenean nahitaez atseden hartu beharko dute, ahalik eta sortzaile gehienei aukera emateko<\/p>\n<\/div><\/div><footer class=\"entry-footer\"><\/footer><\/article><br \/>\n<article  class='iconbox iconbox_top av-euckn2-a55e547dd0e9bd9dd5af1672c66c19a6  avia-builder-el-10  el_after_av_icon_box  avia-builder-el-last  main_color'  itemscope=\"itemscope\" itemtype=\"https:\/\/schema.org\/CreativeWork\" ><div class=\"iconbox_content\"><header class=\"entry-content-header\"><div class=\"iconbox_icon heading-color\" aria-hidden='true' data-av_icon='\ue85b' data-av_iconfont='entypo-fontello'><\/div><h3 class='iconbox_content_title '  itemprop=\"headline\" >Ikasleentzako BEKIKASLE edo MAZOKA - LABORAL KUTXA beka<\/h3><\/header><div class='iconbox_content_container '  itemprop=\"text\" ><p>2021-2022 edo 2022-2023 ikasturtean diseinuko, ilustrazioko, marrazkigintzako edo arteko ikasleak direla ziurtatzen duten eskatzaileen artean, MAZOKALARI BAT hautatuko da (banakoa edo taldea), eta laguntza hauek emango zaizkio VIII. Mazokan parte hartzeko:<br \/>\n\u25cf Doako izen-ematea<\/p>\n<p>\u25cf 500\u00a0\u20ac, azokarako obraren ekoizpenean inbertitzeko eta zerbitzu-sari gisa<\/p>\n<\/div><\/div><footer class=\"entry-footer\"><\/footer><\/article><\/p><\/div><\/p>\n\n<style type=\"text\/css\" data-created_by=\"avia_inline_auto\" id=\"style-css-av-2si2e-b880d82e7d4b743e03361248055230b4\">\n.flex_column.av-2si2e-b880d82e7d4b743e03361248055230b4{\npadding:0 0 0 0;\n}\n<\/style>\n<div  class='flex_column av-2si2e-b880d82e7d4b743e03361248055230b4 av_two_third  avia-builder-el-11  el_after_av_one_third  avia-builder-el-last  flex_column_div av-zero-column-padding  column-top-margin'     ><div  id=\"formulario-inscripcion\"  class='tabcontainer av-232ei-39c7fdabf9c52c3cb88ed282f3d2fd93 top_tab  avia-builder-el-12  avia-builder-el-no-sibling ' role='tablist'>\n<section class='av_tab_section av_tab_section av-2ayijg-c80e9ea1da89491c79952bd448db3c59'  itemscope=\"itemscope\" itemtype=\"https:\/\/schema.org\/CreativeWork\" ><div class='tab active_tab' role='tab' tabindex='0' data-fake-id='#tab-id-1' aria-controls='tab-id-1-content'  itemprop=\"headline\" ><span class='tab_icon' aria-hidden='true' data-av_icon='\ue836' data-av_iconfont='entypo-fontello'><\/span>Eskaera Mazokalaria izateko<\/div><div id='tab-id-1-content' class='tab_content active_tab_content' aria-hidden=\"false\"><div class='tab_inner_content invers-color'  itemprop=\"text\" ><p>TXISPUM!<\/p>\n<p>Mila esker parte hartzeagatik!<\/p>\n<\/div><\/div><\/section>\n<\/div><\/div>\n","protected":false},"excerpt":{"rendered":"","protected":false},"author":2,"featured_media":12074,"parent":0,"menu_order":0,"comment_status":"closed","ping_status":"closed","template":"","meta":{"footnotes":""},"class_list":["post-12257","page","type-page","status-publish","has-post-thumbnail","hentry"],"yoast_head":"<!-- This site is optimized with the Yoast SEO plugin v26.2 - https:\/\/yoast.com\/wordpress\/plugins\/seo\/ -->\n<title>Mazokako edizio berrian parte hartu nahi duzu?<\/title>\n<meta name=\"description\" content=\"Participa en la VIII edici\u00f3n de la feria de dibujo e ilustraci\u00f3n de MAZOKA. La convocatoria estar\u00e1 abierta hasta el 18 de octubre a las 23:59\" \/>\n<meta name=\"robots\" content=\"noindex, follow\" \/>\n<meta property=\"og:locale\" content=\"eu_ES\" \/>\n<meta property=\"og:type\" content=\"article\" \/>\n<meta property=\"og:title\" content=\"Mazokako edizio berrian parte hartu nahi duzu?\" \/>\n<meta property=\"og:description\" content=\"Participa en la VIII edici\u00f3n de la feria de dibujo e ilustraci\u00f3n de MAZOKA. La convocatoria estar\u00e1 abierta hasta el 18 de octubre a las 23:59\" \/>\n<meta property=\"og:url\" content=\"https:\/\/www.mazoka.org\/quiero-ser-mazokalari-2022\/\" \/>\n<meta property=\"og:site_name\" content=\"Mazoka\" \/>\n<meta property=\"article:modified_time\" content=\"2022-10-19T05:17:48+00:00\" \/>\n<meta property=\"og:image\" content=\"https:\/\/www.mazoka.org\/wp-content\/uploads\/2022\/10\/rss-convocatoria-mazoka_2022.jpg\" \/>\n\t<meta property=\"og:image:width\" content=\"1350\" \/>\n\t<meta property=\"og:image:height\" content=\"1350\" \/>\n\t<meta property=\"og:image:type\" content=\"image\/jpeg\" \/>\n<meta name=\"twitter:card\" content=\"summary_large_image\" \/>\n<meta name=\"twitter:label1\" content=\"Est. reading time\" \/>\n\t<meta name=\"twitter:data1\" content=\"5 minutes\" \/>\n<script type=\"application\/ld+json\" class=\"yoast-schema-graph\">{\"@context\":\"https:\/\/schema.org\",\"@graph\":[{\"@type\":\"WebPage\",\"@id\":\"https:\/\/www.mazoka.org\/quiero-ser-mazokalari-2022\/\",\"url\":\"https:\/\/www.mazoka.org\/quiero-ser-mazokalari-2022\/\",\"name\":\"Mazokako edizio berrian parte hartu nahi duzu?\",\"isPartOf\":{\"@id\":\"https:\/\/www.mazoka.org\/#website\"},\"primaryImageOfPage\":{\"@id\":\"https:\/\/www.mazoka.org\/quiero-ser-mazokalari-2022\/#primaryimage\"},\"image\":{\"@id\":\"https:\/\/www.mazoka.org\/quiero-ser-mazokalari-2022\/#primaryimage\"},\"thumbnailUrl\":\"https:\/\/www.mazoka.org\/wp-content\/uploads\/2022\/10\/rss-convocatoria-mazoka_2022.jpg\",\"datePublished\":\"2021-07-26T10:04:21+00:00\",\"dateModified\":\"2022-10-19T05:17:48+00:00\",\"description\":\"Participa en la VIII edici\u00f3n de la feria de dibujo e ilustraci\u00f3n de MAZOKA. La convocatoria estar\u00e1 abierta hasta el 18 de octubre a las 23:59\",\"breadcrumb\":{\"@id\":\"https:\/\/www.mazoka.org\/quiero-ser-mazokalari-2022\/#breadcrumb\"},\"inLanguage\":\"eu-ES\",\"potentialAction\":[{\"@type\":\"ReadAction\",\"target\":[\"https:\/\/www.mazoka.org\/quiero-ser-mazokalari-2022\/\"]}]},{\"@type\":\"ImageObject\",\"inLanguage\":\"eu-ES\",\"@id\":\"https:\/\/www.mazoka.org\/quiero-ser-mazokalari-2022\/#primaryimage\",\"url\":\"https:\/\/www.mazoka.org\/wp-content\/uploads\/2022\/10\/rss-convocatoria-mazoka_2022.jpg\",\"contentUrl\":\"https:\/\/www.mazoka.org\/wp-content\/uploads\/2022\/10\/rss-convocatoria-mazoka_2022.jpg\",\"width\":1350,\"height\":1350},{\"@type\":\"BreadcrumbList\",\"@id\":\"https:\/\/www.mazoka.org\/quiero-ser-mazokalari-2022\/#breadcrumb\",\"itemListElement\":[{\"@type\":\"ListItem\",\"position\":1,\"name\":\"Portada\",\"item\":\"https:\/\/www.mazoka.org\/\"},{\"@type\":\"ListItem\",\"position\":2,\"name\":\"Mazokalaria izan nahi dut\"}]},{\"@type\":\"WebSite\",\"@id\":\"https:\/\/www.mazoka.org\/#website\",\"url\":\"https:\/\/www.mazoka.org\/\",\"name\":\"Mazoka\",\"description\":\"Marrazki azoka\",\"potentialAction\":[{\"@type\":\"SearchAction\",\"target\":{\"@type\":\"EntryPoint\",\"urlTemplate\":\"https:\/\/www.mazoka.org\/?s={search_term_string}\"},\"query-input\":{\"@type\":\"PropertyValueSpecification\",\"valueRequired\":true,\"valueName\":\"search_term_string\"}}],\"inLanguage\":\"eu-ES\"}]}<\/script>\n<!-- \/ Yoast SEO plugin. -->","yoast_head_json":{"title":"Mazokako edizio berrian parte hartu nahi duzu?","description":"Participa en la VIII edici\u00f3n de la feria de dibujo e ilustraci\u00f3n de MAZOKA. La convocatoria estar\u00e1 abierta hasta el 18 de octubre a las 23:59","robots":{"index":"noindex","follow":"follow"},"og_locale":"eu_ES","og_type":"article","og_title":"Mazokako edizio berrian parte hartu nahi duzu?","og_description":"Participa en la VIII edici\u00f3n de la feria de dibujo e ilustraci\u00f3n de MAZOKA. La convocatoria estar\u00e1 abierta hasta el 18 de octubre a las 23:59","og_url":"https:\/\/www.mazoka.org\/quiero-ser-mazokalari-2022\/","og_site_name":"Mazoka","article_modified_time":"2022-10-19T05:17:48+00:00","og_image":[{"width":1350,"height":1350,"url":"https:\/\/www.mazoka.org\/wp-content\/uploads\/2022\/10\/rss-convocatoria-mazoka_2022.jpg","type":"image\/jpeg"}],"twitter_card":"summary_large_image","twitter_misc":{"Est. reading time":"5 minutes"},"schema":{"@context":"https:\/\/schema.org","@graph":[{"@type":"WebPage","@id":"https:\/\/www.mazoka.org\/quiero-ser-mazokalari-2022\/","url":"https:\/\/www.mazoka.org\/quiero-ser-mazokalari-2022\/","name":"Mazokako edizio berrian parte hartu nahi duzu?","isPartOf":{"@id":"https:\/\/www.mazoka.org\/#website"},"primaryImageOfPage":{"@id":"https:\/\/www.mazoka.org\/quiero-ser-mazokalari-2022\/#primaryimage"},"image":{"@id":"https:\/\/www.mazoka.org\/quiero-ser-mazokalari-2022\/#primaryimage"},"thumbnailUrl":"https:\/\/www.mazoka.org\/wp-content\/uploads\/2022\/10\/rss-convocatoria-mazoka_2022.jpg","datePublished":"2021-07-26T10:04:21+00:00","dateModified":"2022-10-19T05:17:48+00:00","description":"Participa en la VIII edici\u00f3n de la feria de dibujo e ilustraci\u00f3n de MAZOKA. La convocatoria estar\u00e1 abierta hasta el 18 de octubre a las 23:59","breadcrumb":{"@id":"https:\/\/www.mazoka.org\/quiero-ser-mazokalari-2022\/#breadcrumb"},"inLanguage":"eu-ES","potentialAction":[{"@type":"ReadAction","target":["https:\/\/www.mazoka.org\/quiero-ser-mazokalari-2022\/"]}]},{"@type":"ImageObject","inLanguage":"eu-ES","@id":"https:\/\/www.mazoka.org\/quiero-ser-mazokalari-2022\/#primaryimage","url":"https:\/\/www.mazoka.org\/wp-content\/uploads\/2022\/10\/rss-convocatoria-mazoka_2022.jpg","contentUrl":"https:\/\/www.mazoka.org\/wp-content\/uploads\/2022\/10\/rss-convocatoria-mazoka_2022.jpg","width":1350,"height":1350},{"@type":"BreadcrumbList","@id":"https:\/\/www.mazoka.org\/quiero-ser-mazokalari-2022\/#breadcrumb","itemListElement":[{"@type":"ListItem","position":1,"name":"Portada","item":"https:\/\/www.mazoka.org\/"},{"@type":"ListItem","position":2,"name":"Mazokalaria izan nahi dut"}]},{"@type":"WebSite","@id":"https:\/\/www.mazoka.org\/#website","url":"https:\/\/www.mazoka.org\/","name":"Mazoka","description":"Marrazki azoka","potentialAction":[{"@type":"SearchAction","target":{"@type":"EntryPoint","urlTemplate":"https:\/\/www.mazoka.org\/?s={search_term_string}"},"query-input":{"@type":"PropertyValueSpecification","valueRequired":true,"valueName":"search_term_string"}}],"inLanguage":"eu-ES"}]}},"_links":{"self":[{"href":"https:\/\/www.mazoka.org\/eu\/wp-json\/wp\/v2\/pages\/12257","targetHints":{"allow":["GET"]}}],"collection":[{"href":"https:\/\/www.mazoka.org\/eu\/wp-json\/wp\/v2\/pages"}],"about":[{"href":"https:\/\/www.mazoka.org\/eu\/wp-json\/wp\/v2\/types\/page"}],"author":[{"embeddable":true,"href":"https:\/\/www.mazoka.org\/eu\/wp-json\/wp\/v2\/users\/2"}],"replies":[{"embeddable":true,"href":"https:\/\/www.mazoka.org\/eu\/wp-json\/wp\/v2\/comments?post=12257"}],"version-history":[{"count":6,"href":"https:\/\/www.mazoka.org\/eu\/wp-json\/wp\/v2\/pages\/12257\/revisions"}],"predecessor-version":[{"id":13450,"href":"https:\/\/www.mazoka.org\/eu\/wp-json\/wp\/v2\/pages\/12257\/revisions\/13450"}],"wp:featuredmedia":[{"embeddable":true,"href":"https:\/\/www.mazoka.org\/eu\/wp-json\/wp\/v2\/media\/12074"}],"wp:attachment":[{"href":"https:\/\/www.mazoka.org\/eu\/wp-json\/wp\/v2\/media?parent=12257"}],"curies":[{"name":"wp","href":"https:\/\/api.w.org\/{rel}","templated":true}]}}